{"id":8086,"date":"2024-08-22T10:53:57","date_gmt":"2024-08-22T08:53:57","guid":{"rendered":"https:\/\/www.titan-laerche.de\/?page_id=8086"},"modified":"2024-08-22T12:33:47","modified_gmt":"2024-08-22T10:33:47","slug":"home","status":"publish","type":"page","link":"https:\/\/www.titan-laerche.de\/hu\/home\/","title":{"rendered":"Home"},"content":{"rendered":"\t\t<div data-elementor-type=\"wp-page\" data-elementor-id=\"8086\" class=\"elementor elementor-8086\" data-elementor-post-type=\"page\">\n\t\t\t\t<div class=\"elementor-element elementor-element-979d5a4 elementor-hidden-mobile e-flex e-con-boxed e-con e-parent\" data-id=\"979d5a4\" data-element_type=\"container\" data-e-type=\"container\" data-settings=\"{&quot;background_background&quot;:&quot;slideshow&quot;,&quot;background_slideshow_gallery&quot;:[{&quot;id&quot;:7913,&quot;url&quot;:&quot;https:\\\/\\\/www.titan-laerche.de\\\/wp-content\\\/uploads\\\/2024\\\/06\\\/header_start.jpg&quot;}],&quot;background_slideshow_loop&quot;:&quot;yes&quot;,&quot;background_slideshow_slide_duration&quot;:5000,&quot;background_slideshow_slide_transition&quot;:&quot;fade&quot;,&quot;background_slideshow_transition_duration&quot;:500}\">\n\t\t\t\t\t<div class=\"e-con-inner\">\n\t\t\t\t<div class=\"elementor-element elementor-element-d44a264 animated-slow elementor-invisible elementor-widget elementor-widget-text-editor\" data-id=\"d44a264\" data-element_type=\"widget\" data-e-type=\"widget\" data-settings=\"{&quot;_animation&quot;:&quot;fadeIn&quot;}\" data-widget_type=\"text-editor.default\">\n\t\t\t\t<div class=\"elementor-widget-container\">\n\t\t\t\t\t\t\t\t\t<p>DIE ZUKUNFT DES WALDES BEGINNT HIER UND HEUTE.<\/p>\t\t\t\t\t\t\t\t<\/div>\n\t\t\t\t<\/div>\n\t\t\t\t<div class=\"elementor-element elementor-element-0a39792 animated-slow elementor-invisible elementor-widget elementor-widget-heading\" data-id=\"0a39792\" data-element_type=\"widget\" data-e-type=\"widget\" data-settings=\"{&quot;_animation&quot;:&quot;fadeIn&quot;}\" data-widget_type=\"heading.default\">\n\t\t\t\t<div class=\"elementor-widget-container\">\n\t\t\t\t\t<h2 class=\"elementor-heading-title elementor-size-default\">Europ\u00e4ische<br>TITAN-L\u00c4RCHE<\/h2>\t\t\t\t<\/div>\n\t\t\t\t<\/div>\n\t\t\t\t<div class=\"elementor-element elementor-element-5e13f7f animated-slow elementor-widget__width-initial elementor-invisible elementor-widget elementor-widget-text-editor\" data-id=\"5e13f7f\" data-element_type=\"widget\" data-e-type=\"widget\" data-settings=\"{&quot;_animation&quot;:&quot;fadeIn&quot;}\" data-widget_type=\"text-editor.default\">\n\t\t\t\t<div class=\"elementor-widget-container\">\n\t\t\t\t\t\t\t\t\t<p>Aktuell arbeiten wir mit unseren Partnern dem Staatsbetrieb Sachsenforst und der Humboldt-Universit\u00e4t zu Berlin an dem Forschungsprojekt \u201eLFF\u201c (Larche For Flexibility) und erwarten eine Zulassung der Klone in naher Zukunft. Selbstverst\u00e4ndlich k\u00f6nnen Sie unsere TITAN-L\u00e4rche jetzt schon zu wissenschaftlichen Zwecken (mit entsprechender Dokumentation) erwerben.<\/p><p>Unsere Seite geht demn\u00e4chst online.<\/p>\t\t\t\t\t\t\t\t<\/div>\n\t\t\t\t<\/div>\n\t\t\t\t\t<\/div>\n\t\t\t\t<\/div>\n\t\t\t\t<\/div>\n\t\t","protected":false},"excerpt":{"rendered":"<p>DIE ZUKUNFT DES WALDES BEGINNT HIER UND HEUTE. Europ\u00e4ischeTITAN-L\u00c4RCHE Aktuell arbeiten wir mit unseren Partnern dem Staatsbetrieb Sachsenforst und der Humboldt-Universit\u00e4t zu Berlin an dem Forschungsprojekt \u201eLFF\u201c (Larche For Flexibility) und erwarten eine Zulassung der Klone in naher Zukunft. Selbstverst\u00e4ndlich k\u00f6nnen Sie unsere TITAN-L\u00e4rche jetzt schon zu wissenschaftlichen Zwecken (mit entsprechender Dokumentation) erwerben. Unsere Seite [&hellip;]<\/p>\n","protected":false},"author":1,"featured_media":0,"parent":0,"menu_order":0,"comment_status":"closed","ping_status":"closed","template":"template-home.php","meta":{"footnotes":""},"class_list":["post-8086","page","type-page","status-publish","hentry"],"_links":{"self":[{"href":"https:\/\/www.titan-laerche.de\/hu\/wp-json\/wp\/v2\/pages\/8086","targetHints":{"allow":["GET"]}}],"collection":[{"href":"https:\/\/www.titan-laerche.de\/hu\/wp-json\/wp\/v2\/pages"}],"about":[{"href":"https:\/\/www.titan-laerche.de\/hu\/wp-json\/wp\/v2\/types\/page"}],"author":[{"embeddable":true,"href":"https:\/\/www.titan-laerche.de\/hu\/wp-json\/wp\/v2\/users\/1"}],"replies":[{"embeddable":true,"href":"https:\/\/www.titan-laerche.de\/hu\/wp-json\/wp\/v2\/comments?post=8086"}],"version-history":[{"count":16,"href":"https:\/\/www.titan-laerche.de\/hu\/wp-json\/wp\/v2\/pages\/8086\/revisions"}],"predecessor-version":[{"id":8126,"href":"https:\/\/www.titan-laerche.de\/hu\/wp-json\/wp\/v2\/pages\/8086\/revisions\/8126"}],"wp:attachment":[{"href":"https:\/\/www.titan-laerche.de\/hu\/wp-json\/wp\/v2\/media?parent=8086"}],"curies":[{"name":"wp","href":"https:\/\/api.w.org\/{rel}","templated":true}]}}